{"id":70,"date":"2024-05-25T07:43:23","date_gmt":"2024-05-25T07:43:23","guid":{"rendered":"http:\/\/bds05.mediawz.com\/?page_id=70"},"modified":"2024-06-28T09:49:02","modified_gmt":"2024-06-28T09:49:02","slug":"gioi-thieu","status":"publish","type":"page","link":"https:\/\/fufengvietnam.halink.dev\/en\/about-us\/","title":{"rendered":"About us"},"content":{"rendered":"<p><strong>FUFENG GROUP<\/strong><\/p>\n<p>Founded in 1999, Fufeng Group has over 15,000 employees worldwide and is a leading global bio-fermentation company that manufactures products for the fast-growing animal nutrition, food &amp; beverage, pharmaceutical, health &amp; wellness, personal care and oil &amp; gas industries.\u00a0Fufeng has been a trusted partner of customers for over 25 years\u00a0in over 90 countries globally. Our products provide our customers with high-quality, cost-effective nutrition ingredients\u00a0such as Monosodium Glumate, Dextrose Monohydrate, Xanthan Gum and Amino Acids (food and feed grade).<\/p>\n<p>Fufeng Group Limited is currently public traded at the Hong Kong Stock Exchange.<\/p>\n<p><img decoding=\"async\" loading=\"lazy\" class=\"size-full wp-image-193\" src=\"http:\/\/fufengvietnam.halink.dev\/wp-content\/uploads\/2024\/06\/fufengvietnam_25nam.webp\" alt=\"fufengvietnam 25nam\" width=\"1920\" height=\"750\" srcset=\"https:\/\/fufengvietnam.halink.dev\/wp-content\/uploads\/2024\/06\/fufengvietnam_25nam.webp 1920w, https:\/\/fufengvietnam.halink.dev\/wp-content\/uploads\/2024\/06\/fufengvietnam_25nam-300x117.webp 300w, https:\/\/fufengvietnam.halink.dev\/wp-content\/uploads\/2024\/06\/fufengvietnam_25nam-1024x400.webp 1024w, https:\/\/fufengvietnam.halink.dev\/wp-content\/uploads\/2024\/06\/fufengvietnam_25nam-768x300.webp 768w, https:\/\/fufengvietnam.halink.dev\/wp-content\/uploads\/2024\/06\/fufengvietnam_25nam-1536x600.webp 1536w\" sizes=\"(max-width: 706px) 89vw, (max-width: 767px) 82vw, 740px\" \/><\/p>\n<p>The Group has passed the certification of ISO9001 International Quality Management System, ISO22000 Food Safety Management System, ISO14001 Environmental Management System, OHSAS18001 Occupational Health and Safety Management System, GMP, Kosher, Halal, BRC,\u00a0etc.<\/p>\n<hr \/>\n<p><strong>SINIAN BIOTECH CO., LTD<\/strong><\/p>\n<p>On September 26, 2023, Fufeng Group established its South Asia\u00a0Sales and Marketing Center,\u00a0in Ho Chi Minh, Vietnam under the local registered entity Sinian Biotech Company Limited.\u00a0Sinian\u00a0is proud to be a\u00a0local provider of\u00a0high-value amino acids, MSG, Dextrose and Xanthan Gum; producing quality, cost-effective nutrition ingredients from non-GMO\u00a0corn while bringing prosperity and stronger community connections\u00a0to Vietnam and its neighbouring region.<\/p>\n<p><figure id=\"attachment_215\" aria-describedby=\"caption-attachment-215\" style=\"width: 1024px\" class=\"wp-caption aligncenter\"><img decoding=\"async\" loading=\"lazy\" class=\"size-full wp-image-215\" src=\"http:\/\/fufengvietnam.halink.dev\/wp-content\/uploads\/2024\/06\/fufengvietnam-cat-bang-khanh-thanh.webp\" alt=\"\u0110\u1ea1i di\u1ec7n l\u00e3nh \u0111\u1ea1o c\u1ea5p cao T\u1eadp \u0111o\u00e0n Fufeng v\u00e0 \u0111\u1ed1i t\u00e1c c\u1eaft b\u0103ng kh\u00e1nh th\u00e0nh khai tr\u01b0\u01a1ng C\u00f4ng ty TNHH Sinian Biotech, ng\u00e0y 26\/9.\" width=\"1024\" height=\"681\" srcset=\"https:\/\/fufengvietnam.halink.dev\/wp-content\/uploads\/2024\/06\/fufengvietnam-cat-bang-khanh-thanh.webp 1024w, https:\/\/fufengvietnam.halink.dev\/wp-content\/uploads\/2024\/06\/fufengvietnam-cat-bang-khanh-thanh-300x200.webp 300w, https:\/\/fufengvietnam.halink.dev\/wp-content\/uploads\/2024\/06\/fufengvietnam-cat-bang-khanh-thanh-768x511.webp 768w\" sizes=\"(max-width: 706px) 89vw, (max-width: 767px) 82vw, 740px\" \/><figcaption id=\"caption-attachment-215\" class=\"wp-caption-text\"><span style=\"font-size: 10pt; font-family: arial, helvetica, sans-serif;\">Representatives of senior leaders from FuFeng Group cut the ribbon to inaugurate the opening of Sinian Biotech Company on September 26th, 2023.<\/span><\/figcaption><\/figure><\/p>","protected":false},"excerpt":{"rendered":"<p>FUFENG GROUP Founded in 1999, Fufeng Group has over 15,000 employees worldwide and is a leading global bio-fermentation company that manufactures products for the fast-growing animal nutrition, food &amp; beverage, pharmaceutical, health &amp; wellness, personal care and oil &amp; gas &#8230;<\/p>\n","protected":false},"author":1,"featured_media":215,"parent":0,"menu_order":0,"comment_status":"closed","ping_status":"closed","template":"","meta":[],"_links":{"self":[{"href":"https:\/\/fufengvietnam.halink.dev\/en\/wp-json\/wp\/v2\/pages\/70"}],"collection":[{"href":"https:\/\/fufengvietnam.halink.dev\/en\/wp-json\/wp\/v2\/pages"}],"about":[{"href":"https:\/\/fufengvietnam.halink.dev\/en\/wp-json\/wp\/v2\/types\/page"}],"author":[{"embeddable":true,"href":"https:\/\/fufengvietnam.halink.dev\/en\/wp-json\/wp\/v2\/users\/1"}],"replies":[{"embeddable":true,"href":"https:\/\/fufengvietnam.halink.dev\/en\/wp-json\/wp\/v2\/comments?post=70"}],"version-history":[{"count":12,"href":"https:\/\/fufengvietnam.halink.dev\/en\/wp-json\/wp\/v2\/pages\/70\/revisions"}],"predecessor-version":[{"id":321,"href":"https:\/\/fufengvietnam.halink.dev\/en\/wp-json\/wp\/v2\/pages\/70\/revisions\/321"}],"wp:featuredmedia":[{"embeddable":true,"href":"https:\/\/fufengvietnam.halink.dev\/en\/wp-json\/wp\/v2\/media\/215"}],"wp:attachment":[{"href":"https:\/\/fufengvietnam.halink.dev\/en\/wp-json\/wp\/v2\/media?parent=70"}],"curies":[{"name":"wp","href":"https:\/\/api.w.org\/{rel}","templated":true}]}}