{"id":142,"date":"2024-05-23T14:45:55","date_gmt":"2024-05-23T14:45:55","guid":{"rendered":"http:\/\/fufengvietnam.halink.dev\/?page_id=142"},"modified":"2024-06-28T09:43:17","modified_gmt":"2024-06-28T09:43:17","slug":"sinian-biotech","status":"publish","type":"page","link":"https:\/\/fufengvietnam.halink.dev\/en\/sinian-biotech\/","title":{"rendered":"Sinian Biotech"},"content":{"rendered":"<p>On September 26, 2023, Fufeng Group established its South Asia\u00a0Sales and Marketing Center,\u00a0in Ho Chi Minh, Vietnam under the local registered entity Sinian Biotech Company Limited.\u00a0Sinian\u00a0is proud to be a\u00a0local provider of\u00a0high-value amino acids, MSG, Dextrose and Xanthan Gum; producing quality, cost-effective nutrition ingredients from non-GMO\u00a0corn while bringing prosperity and stronger community connections\u00a0to Vietnam and its neighbouring region.<\/p>\n<figure id=\"attachment_215\" aria-describedby=\"caption-attachment-215\" style=\"width: 1024px\" class=\"wp-caption aligncenter\"><img decoding=\"async\" loading=\"lazy\" class=\"size-full wp-image-215\" src=\"http:\/\/fufengvietnam.halink.dev\/wp-content\/uploads\/2024\/06\/fufengvietnam-cat-bang-khanh-thanh.webp\" alt=\"\u0110\u1ea1i di\u1ec7n l\u00e3nh \u0111\u1ea1o c\u1ea5p cao T\u1eadp \u0111o\u00e0n Fufeng v\u00e0 \u0111\u1ed1i t\u00e1c c\u1eaft b\u0103ng kh\u00e1nh th\u00e0nh khai tr\u01b0\u01a1ng C\u00f4ng ty TNHH Sinian Biotech, ng\u00e0y 26\/9.\" width=\"1024\" height=\"681\" srcset=\"https:\/\/fufengvietnam.halink.dev\/wp-content\/uploads\/2024\/06\/fufengvietnam-cat-bang-khanh-thanh.webp 1024w, https:\/\/fufengvietnam.halink.dev\/wp-content\/uploads\/2024\/06\/fufengvietnam-cat-bang-khanh-thanh-300x200.webp 300w, https:\/\/fufengvietnam.halink.dev\/wp-content\/uploads\/2024\/06\/fufengvietnam-cat-bang-khanh-thanh-768x511.webp 768w\" sizes=\"(max-width: 706px) 89vw, (max-width: 767px) 82vw, 740px\" \/><figcaption id=\"caption-attachment-215\" class=\"wp-caption-text\"><span style=\"font-size: 10pt; font-family: arial, helvetica, sans-serif;\">Representatives of senior leaders from FuFeng Group cut the ribbon to inaugurate the opening of Sinian Biotech Company on September 26th, 2023.<\/span><\/figcaption><\/figure>\n<p>&nbsp;<\/p>","protected":false},"excerpt":{"rendered":"<p>On September 26, 2023, Fufeng Group established its South Asia\u00a0Sales and Marketing Center,\u00a0in Ho Chi Minh, Vietnam under the local registered entity Sinian Biotech Company Limited.\u00a0Sinian\u00a0is proud to be a\u00a0local provider of\u00a0high-value amino acids, MSG, Dextrose and Xanthan Gum; producing &#8230;<\/p>\n","protected":false},"author":1,"featured_media":215,"parent":0,"menu_order":0,"comment_status":"closed","ping_status":"closed","template":"","meta":[],"_links":{"self":[{"href":"https:\/\/fufengvietnam.halink.dev\/en\/wp-json\/wp\/v2\/pages\/142"}],"collection":[{"href":"https:\/\/fufengvietnam.halink.dev\/en\/wp-json\/wp\/v2\/pages"}],"about":[{"href":"https:\/\/fufengvietnam.halink.dev\/en\/wp-json\/wp\/v2\/types\/page"}],"author":[{"embeddable":true,"href":"https:\/\/fufengvietnam.halink.dev\/en\/wp-json\/wp\/v2\/users\/1"}],"replies":[{"embeddable":true,"href":"https:\/\/fufengvietnam.halink.dev\/en\/wp-json\/wp\/v2\/comments?post=142"}],"version-history":[{"count":8,"href":"https:\/\/fufengvietnam.halink.dev\/en\/wp-json\/wp\/v2\/pages\/142\/revisions"}],"predecessor-version":[{"id":320,"href":"https:\/\/fufengvietnam.halink.dev\/en\/wp-json\/wp\/v2\/pages\/142\/revisions\/320"}],"wp:featuredmedia":[{"embeddable":true,"href":"https:\/\/fufengvietnam.halink.dev\/en\/wp-json\/wp\/v2\/media\/215"}],"wp:attachment":[{"href":"https:\/\/fufengvietnam.halink.dev\/en\/wp-json\/wp\/v2\/media?parent=142"}],"curies":[{"name":"wp","href":"https:\/\/api.w.org\/{rel}","templated":true}]}}